{"id":533,"date":"2016-02-17T22:30:40","date_gmt":"2016-02-17T22:30:40","guid":{"rendered":"http:\/\/imagelydemo.com.routing.wpmanagedhost.com\/?page_id=6"},"modified":"2021-03-20T12:14:25","modified_gmt":"2021-03-20T11:14:25","slug":"about","status":"publish","type":"page","link":"https:\/\/www.comolakephotography.com\/it\/about\/","title":{"rendered":"Perch\u00e9"},"content":{"rendered":"<figure class=\"wp-block-image size-large is-style-default\"><img loading=\"lazy\" width=\"1024\" height=\"357\" src=\"https:\/\/www.comolakephotography.com\/wp-content\/uploads\/2021\/03\/2011.05.29-PANORAMA-GALBIGA-0033-Pano-1-1024x357.jpg\" alt=\"Como Lake Landscape from Tremezzo Mount IR Digital\" class=\"wp-image-7811\" srcset=\"https:\/\/www.comolakephotography.com\/wp-content\/uploads\/2021\/03\/2011.05.29-PANORAMA-GALBIGA-0033-Pano-1-1024x357.jpg 1024w, https:\/\/www.comolakephotography.com\/wp-content\/uploads\/2021\/03\/2011.05.29-PANORAMA-GALBIGA-0033-Pano-1-300x105.jpg 300w, https:\/\/www.comolakephotography.com\/wp-content\/uploads\/2021\/03\/2011.05.29-PANORAMA-GALBIGA-0033-Pano-1-768x268.jpg 768w, https:\/\/www.comolakephotography.com\/wp-content\/uploads\/2021\/03\/2011.05.29-PANORAMA-GALBIGA-0033-Pano-1-1536x536.jpg 1536w, https:\/\/www.comolakephotography.com\/wp-content\/uploads\/2021\/03\/2011.05.29-PANORAMA-GALBIGA-0033-Pano-1-2048x715.jpg 2048w, https:\/\/www.comolakephotography.com\/wp-content\/uploads\/2021\/03\/2011.05.29-PANORAMA-GALBIGA-0033-Pano-1-16x6.jpg 16w\" sizes=\"(max-width: 1024px) 100vw, 1024px\" \/><figcaption><strong><span class=\"has-inline-color has-white-color\">L'invisibile luce infrarossa del lago di Como dal monte di Tremezzo<\/span><\/strong><\/figcaption><\/figure>\n\n\n\n<hr class=\"wp-block-separator\"\/>\n\n\n\n<p>Perch\u00e9 un sito fotografico in Bianco e Nero sul lago di Como?<\/p>\n\n\n\n<p>Perch\u00e8 il lago di Como non \u00e8 solo feste, star della musica pop e del cinema, stilisti di moda, convegni internazionali di economia e tutto il colorato circo dei VIP.<\/p>\n\n\n\n<p>Perch\u00e9 la sua bellezza, pu\u00f2 essere contemplata nel profondo solo togliendo il colore, il rumore e ogni distrazione della vita contemporanea.<\/p>\n\n\n\n<p>Perch\u00e9 sono nato qui, mio padre \u00e8 nato qui, mio nonno \u00e8 nato qui, mio bisnonno \u00e8 nato qui e cos\u00ec indietro per un numero di generazioni che non so contare.<\/p>\n\n\n\n<p>Perch\u00e9 sono partito, ho girato un pezzo di mondo, ma alla fine questa \u00e8 casa mia.<\/p>\n\n\n\n<p>Per le donne e gli uomini che in questa citt\u00e0 e questi villaggi, su queste acque e sulle montagne, hanno lottato, lavorato, amato, procreato, portando avanti con determinazione e umilt\u00e0 la loro personale visione dell\u2019opera di Dio.<\/p>\n\n\n\n<p>Perch\u00e9 le loro speranze, le loro delusioni, le loro gioie, i loro dolori, le loro virtu\u2019, i loro peccati, le loro vite, non meritano di essere dimenticate.<\/p>\n\n\n\n<p>Per me stesso, perch\u00e9 cercando di rappresentare visivamente l\u2019anima di questi luoghi, possa finalmente trovare la mia anima e capire cosa diavolo ci faccio qui.<\/p>\n\n\n\n<p>E infine anche per voi. Perch\u00e9 la mia personale visione di questi luoghi possa raccontarvi qualche storia, farvi percepire emozioni nuove e venire voglia di visitare questa terra godendone tutta la bellezza.<\/p>\n\n\n\n<p>Spero di riuscirci.<\/p>\n\n\n\n<div style=\"height:100px\" aria-hidden=\"true\" class=\"wp-block-spacer\"><\/div>","protected":false},"excerpt":{"rendered":"<p>Why a black and white photography site on Como Lake? Because Como Lake is not just parties, pop music and movie stars, fashion designers, international business conferences and all the colorful VIPs circus. Because its beauty can be contemplated in depth only by removing the colors, noises and any distraction of contemporary life. Because I [&hellip;]<\/p>","protected":false},"author":1,"featured_media":0,"parent":0,"menu_order":0,"comment_status":"closed","ping_status":"closed","template":"","meta":{"ngg_post_thumbnail":0},"yoast_head":"<!-- This site is optimized with the Yoast SEO plugin v18.4.1 - https:\/\/yoast.com\/wordpress\/plugins\/seo\/ -->\n<title>About - Como Lake Photography<\/title>\n<meta name=\"robots\" content=\"index, follow, max-snippet:-1, max-image-preview:large, max-video-preview:-1\" \/>\n<link rel=\"canonical\" href=\"https:\/\/www.comolakephotography.com\/it\/about\/\" \/>\n<meta property=\"og:locale\" content=\"it_IT\" \/>\n<meta property=\"og:type\" content=\"article\" \/>\n<meta property=\"og:title\" content=\"About - Como Lake Photography\" \/>\n<meta property=\"og:description\" content=\"Why a black and white photography site on Como Lake? Because Como Lake is not just parties, pop music and movie stars, fashion designers, international business conferences and all the colorful VIPs circus. Because its beauty can be contemplated in depth only by removing the colors, noises and any distraction of contemporary life. Because I [&hellip;]\" \/>\n<meta property=\"og:url\" content=\"https:\/\/www.comolakephotography.com\/it\/about\/\" \/>\n<meta property=\"og:site_name\" content=\"Como Lake Photography\" \/>\n<meta property=\"article:modified_time\" content=\"2021-03-20T11:14:25+00:00\" \/>\n<meta property=\"og:image\" content=\"https:\/\/www.comolakephotography.com\/wp-content\/uploads\/2021\/03\/2011.05.29-PANORAMA-GALBIGA-0033-Pano-1-1024x357.jpg\" \/>\n<meta name=\"twitter:card\" content=\"summary_large_image\" \/>\n<meta name=\"twitter:label1\" content=\"Tempo di lettura stimato\" \/>\n\t<meta name=\"twitter:data1\" content=\"2 minuti\" \/>\n<script type=\"application\/ld+json\" class=\"yoast-schema-graph\">{\"@context\":\"https:\/\/schema.org\",\"@graph\":[{\"@type\":[\"Person\",\"Organization\"],\"@id\":\"https:\/\/www.comolakephotography.com\/#\/schema\/person\/58f7726a0cc5d13386e6704854841356\",\"name\":\"admin\",\"image\":{\"@type\":\"ImageObject\",\"@id\":\"https:\/\/www.comolakephotography.com\/#personlogo\",\"inLanguage\":\"it-IT\",\"url\":\"https:\/\/secure.gravatar.com\/avatar\/f24fca81aa6a297be9e15cf8510384de?s=96&d=mm&r=g\",\"contentUrl\":\"https:\/\/secure.gravatar.com\/avatar\/f24fca81aa6a297be9e15cf8510384de?s=96&d=mm&r=g\",\"caption\":\"admin\"},\"logo\":{\"@id\":\"https:\/\/www.comolakephotography.com\/#personlogo\"},\"sameAs\":[\"https:\/\/www.comolakephotography.com\"]},{\"@type\":\"WebSite\",\"@id\":\"https:\/\/www.comolakephotography.com\/#website\",\"url\":\"https:\/\/www.comolakephotography.com\/\",\"name\":\"Como Lake Photography\",\"description\":\"Discovering the Spirit of Como Lake\",\"publisher\":{\"@id\":\"https:\/\/www.comolakephotography.com\/#\/schema\/person\/58f7726a0cc5d13386e6704854841356\"},\"potentialAction\":[{\"@type\":\"SearchAction\",\"target\":{\"@type\":\"EntryPoint\",\"urlTemplate\":\"https:\/\/www.comolakephotography.com\/?s={search_term_string}\"},\"query-input\":\"required name=search_term_string\"}],\"inLanguage\":\"it-IT\"},{\"@type\":\"ImageObject\",\"@id\":\"https:\/\/www.comolakephotography.com\/about\/#primaryimage\",\"inLanguage\":\"it-IT\",\"url\":\"https:\/\/www.comolakephotography.com\/wp-content\/uploads\/2021\/03\/2011.05.29-PANORAMA-GALBIGA-0033-Pano-1-1024x357.jpg\",\"contentUrl\":\"https:\/\/www.comolakephotography.com\/wp-content\/uploads\/2021\/03\/2011.05.29-PANORAMA-GALBIGA-0033-Pano-1-1024x357.jpg\"},{\"@type\":\"WebPage\",\"@id\":\"https:\/\/www.comolakephotography.com\/about\/#webpage\",\"url\":\"https:\/\/www.comolakephotography.com\/about\/\",\"name\":\"About - Como Lake Photography\",\"isPartOf\":{\"@id\":\"https:\/\/www.comolakephotography.com\/#website\"},\"primaryImageOfPage\":{\"@id\":\"https:\/\/www.comolakephotography.com\/about\/#primaryimage\"},\"datePublished\":\"2016-02-17T22:30:40+00:00\",\"dateModified\":\"2021-03-20T11:14:25+00:00\",\"breadcrumb\":{\"@id\":\"https:\/\/www.comolakephotography.com\/about\/#breadcrumb\"},\"inLanguage\":\"it-IT\",\"potentialAction\":[{\"@type\":\"ReadAction\",\"target\":[\"https:\/\/www.comolakephotography.com\/about\/\"]}]},{\"@type\":\"BreadcrumbList\",\"@id\":\"https:\/\/www.comolakephotography.com\/about\/#breadcrumb\",\"itemListElement\":[{\"@type\":\"ListItem\",\"position\":1,\"name\":\"Home\",\"item\":\"https:\/\/www.comolakephotography.com\/\"},{\"@type\":\"ListItem\",\"position\":2,\"name\":\"About\"}]}]}<\/script>\n<!-- \/ Yoast SEO plugin. -->","yoast_head_json":{"title":"About - Como Lake Photography","robots":{"index":"index","follow":"follow","max-snippet":"max-snippet:-1","max-image-preview":"max-image-preview:large","max-video-preview":"max-video-preview:-1"},"canonical":"https:\/\/www.comolakephotography.com\/it\/about\/","og_locale":"it_IT","og_type":"article","og_title":"About - Como Lake Photography","og_description":"Why a black and white photography site on Como Lake? Because Como Lake is not just parties, pop music and movie stars, fashion designers, international business conferences and all the colorful VIPs circus. Because its beauty can be contemplated in depth only by removing the colors, noises and any distraction of contemporary life. Because I [&hellip;]","og_url":"https:\/\/www.comolakephotography.com\/it\/about\/","og_site_name":"Como Lake Photography","article_modified_time":"2021-03-20T11:14:25+00:00","og_image":[{"url":"https:\/\/www.comolakephotography.com\/wp-content\/uploads\/2021\/03\/2011.05.29-PANORAMA-GALBIGA-0033-Pano-1-1024x357.jpg"}],"twitter_card":"summary_large_image","twitter_misc":{"Tempo di lettura stimato":"2 minuti"},"schema":{"@context":"https:\/\/schema.org","@graph":[{"@type":["Person","Organization"],"@id":"https:\/\/www.comolakephotography.com\/#\/schema\/person\/58f7726a0cc5d13386e6704854841356","name":"admin","image":{"@type":"ImageObject","@id":"https:\/\/www.comolakephotography.com\/#personlogo","inLanguage":"it-IT","url":"https:\/\/secure.gravatar.com\/avatar\/f24fca81aa6a297be9e15cf8510384de?s=96&d=mm&r=g","contentUrl":"https:\/\/secure.gravatar.com\/avatar\/f24fca81aa6a297be9e15cf8510384de?s=96&d=mm&r=g","caption":"admin"},"logo":{"@id":"https:\/\/www.comolakephotography.com\/#personlogo"},"sameAs":["https:\/\/www.comolakephotography.com"]},{"@type":"WebSite","@id":"https:\/\/www.comolakephotography.com\/#website","url":"https:\/\/www.comolakephotography.com\/","name":"Como Lake Photography","description":"Discovering the Spirit of Como Lake","publisher":{"@id":"https:\/\/www.comolakephotography.com\/#\/schema\/person\/58f7726a0cc5d13386e6704854841356"},"potentialAction":[{"@type":"SearchAction","target":{"@type":"EntryPoint","urlTemplate":"https:\/\/www.comolakephotography.com\/?s={search_term_string}"},"query-input":"required name=search_term_string"}],"inLanguage":"it-IT"},{"@type":"ImageObject","@id":"https:\/\/www.comolakephotography.com\/about\/#primaryimage","inLanguage":"it-IT","url":"https:\/\/www.comolakephotography.com\/wp-content\/uploads\/2021\/03\/2011.05.29-PANORAMA-GALBIGA-0033-Pano-1-1024x357.jpg","contentUrl":"https:\/\/www.comolakephotography.com\/wp-content\/uploads\/2021\/03\/2011.05.29-PANORAMA-GALBIGA-0033-Pano-1-1024x357.jpg"},{"@type":"WebPage","@id":"https:\/\/www.comolakephotography.com\/about\/#webpage","url":"https:\/\/www.comolakephotography.com\/about\/","name":"About - Como Lake Photography","isPartOf":{"@id":"https:\/\/www.comolakephotography.com\/#website"},"primaryImageOfPage":{"@id":"https:\/\/www.comolakephotography.com\/about\/#primaryimage"},"datePublished":"2016-02-17T22:30:40+00:00","dateModified":"2021-03-20T11:14:25+00:00","breadcrumb":{"@id":"https:\/\/www.comolakephotography.com\/about\/#breadcrumb"},"inLanguage":"it-IT","potentialAction":[{"@type":"ReadAction","target":["https:\/\/www.comolakephotography.com\/about\/"]}]},{"@type":"BreadcrumbList","@id":"https:\/\/www.comolakephotography.com\/about\/#breadcrumb","itemListElement":[{"@type":"ListItem","position":1,"name":"Home","item":"https:\/\/www.comolakephotography.com\/"},{"@type":"ListItem","position":2,"name":"About"}]}]}},"_links":{"self":[{"href":"https:\/\/www.comolakephotography.com\/it\/wp-json\/wp\/v2\/pages\/533"}],"collection":[{"href":"https:\/\/www.comolakephotography.com\/it\/wp-json\/wp\/v2\/pages"}],"about":[{"href":"https:\/\/www.comolakephotography.com\/it\/wp-json\/wp\/v2\/types\/page"}],"author":[{"embeddable":true,"href":"https:\/\/www.comolakephotography.com\/it\/wp-json\/wp\/v2\/users\/1"}],"replies":[{"embeddable":true,"href":"https:\/\/www.comolakephotography.com\/it\/wp-json\/wp\/v2\/comments?post=533"}],"version-history":[{"count":18,"href":"https:\/\/www.comolakephotography.com\/it\/wp-json\/wp\/v2\/pages\/533\/revisions"}],"predecessor-version":[{"id":7820,"href":"https:\/\/www.comolakephotography.com\/it\/wp-json\/wp\/v2\/pages\/533\/revisions\/7820"}],"wp:attachment":[{"href":"https:\/\/www.comolakephotography.com\/it\/wp-json\/wp\/v2\/media?parent=533"}],"curies":[{"name":"wp","href":"https:\/\/api.w.org\/{rel}","templated":true}]}}